{"id":546,"date":"2014-10-22T17:03:23","date_gmt":"2014-10-22T15:03:23","guid":{"rendered":"http:\/\/www.hoebarth.at\/cik\/?page_id=546"},"modified":"2017-03-09T22:10:13","modified_gmt":"2017-03-09T21:10:13","slug":"verdiente-mitglieder","status":"publish","type":"page","link":"https:\/\/www.cimbria-kufstein.at\/?page_id=546","title":{"rendered":"Ausgezeichnete Mitglieder"},"content":{"rendered":"<div class=\"Block\">Mitglieder, die sich in vorbildlicher Weise f\u00fcr die Verbindung einsetzen, k\u00f6nnen von der Generalversammlung mit der h\u00f6chsten couleurstudentischen Auszeichnung bedankt werden. Die Verbindung vergibt den Titel des &#8222;Doctor cerevisiae&#8220; h\u00f6chst selten.<\/div>\n<p><span style=\"text-decoration: underline;\">Die &#8222;Doctor cerevisiae&#8220; der Cimbria:<\/span><\/p>\n<p><img decoding=\"async\" style=\"width: 100%;\" src=\"\/wp-content\/uploads\/2014\/10\/drcer.png\" alt=\"\" \/><\/p>\n<div style=\"font-size: 80%; text-align: left;\">v.l.n.r. Mag. Dr. Bruno Maria Penz v. Dr. cer. Siegfried \u2020, Ing. Hubert Gerber v. Dr. cer. Hubsi, Mag. Roland Grill v. Dr. cer. Hugin, Manfred Kobald v. Dr. cer. Plato, Dipl.Ing. Ernst Nagele v. Dr. cer. Laurin, Hans Huber v. Dr. cer. Pluto<\/div>\n","protected":false},"excerpt":{"rendered":"<p>Mitglieder, die sich in vorbildlicher Weise f\u00fcr die Verbindung einsetzen, k\u00f6nnen von der Generalversammlung mit der h\u00f6chsten couleurstudentischen Auszeichnung bedankt werden. Die Verbindung vergibt den Titel des &#8222;Doctor cerevisiae&#8220; h\u00f6chst selten. Die &#8222;Doctor cerevisiae&#8220;&#46;&#46;&#46;<\/p>\n","protected":false},"author":2,"featured_media":0,"parent":0,"menu_order":0,"comment_status":"closed","ping_status":"closed","template":"","meta":{"jetpack_post_was_ever_published":false,"footnotes":""},"class_list":["post-546","page","type-page","status-publish","hentry"],"jetpack_sharing_enabled":true,"jetpack_shortlink":"https:\/\/wp.me\/P88Y0I-8O","jetpack-related-posts":[],"_links":{"self":[{"href":"https:\/\/www.cimbria-kufstein.at\/index.php?rest_route=\/wp\/v2\/pages\/546","targetHints":{"allow":["GET"]}}],"collection":[{"href":"https:\/\/www.cimbria-kufstein.at\/index.php?rest_route=\/wp\/v2\/pages"}],"about":[{"href":"https:\/\/www.cimbria-kufstein.at\/index.php?rest_route=\/wp\/v2\/types\/page"}],"author":[{"embeddable":true,"href":"https:\/\/www.cimbria-kufstein.at\/index.php?rest_route=\/wp\/v2\/users\/2"}],"replies":[{"embeddable":true,"href":"https:\/\/www.cimbria-kufstein.at\/index.php?rest_route=%2Fwp%2Fv2%2Fcomments&post=546"}],"version-history":[{"count":36,"href":"https:\/\/www.cimbria-kufstein.at\/index.php?rest_route=\/wp\/v2\/pages\/546\/revisions"}],"predecessor-version":[{"id":2161,"href":"https:\/\/www.cimbria-kufstein.at\/index.php?rest_route=\/wp\/v2\/pages\/546\/revisions\/2161"}],"wp:attachment":[{"href":"https:\/\/www.cimbria-kufstein.at\/index.php?rest_route=%2Fwp%2Fv2%2Fmedia&parent=546"}],"curies":[{"name":"wp","href":"https:\/\/api.w.org\/{rel}","templated":true}]}}