{"id":512,"date":"2014-10-22T11:05:57","date_gmt":"2014-10-22T09:05:57","guid":{"rendered":"http:\/\/www.hoebarth.at\/cik\/?page_id=512"},"modified":"2018-09-14T15:52:20","modified_gmt":"2018-09-14T13:52:20","slug":"daten-fakten","status":"publish","type":"page","link":"https:\/\/www.cimbria-kufstein.at\/?page_id=512","title":{"rendered":"Daten &#038; Fakten"},"content":{"rendered":"<table class=\"marginlefttable\" border=\"0\" width=\"100%\">\n<colgroup>\n<col width=\"33%\" \/>\n<col width=\"67%\" \/> <\/colgroup>\n<tbody>\n<tr>\n<td>Gr\u00fcndung<\/td>\n<td align=\"center\">12.11.1919<\/td>\n<\/tr>\n<tr>\n<td>Gr\u00fcnder<\/td>\n<td align=\"center\"><img decoding=\"async\" style=\"width: 120px; height: auto;\" src=\"\/wp-content\/uploads\/2014\/11\/schumacher2.jpg\" alt=\"\" \/><br \/>\nIng. Meinrad Schumacher v\/o Dr. cer. Perkeo \u2020<\/td>\n<\/tr>\n<tr>\n<td>Farben<\/td>\n<td align=\"center\">Rot-Wei\u00df-Gold<\/td>\n<\/tr>\n<tr>\n<td>Deckel (M\u00fctze)<\/td>\n<td align=\"center\">Wei\u00df, Tuch<\/td>\n<\/tr>\n<tr>\n<td valign=\"top\">Deckel und Band<\/td>\n<td align=\"center\"><img decoding=\"async\" style=\"height: auto; width: 180px; margin: auto;\" title=\"Deckel und Band der K.\u00d6.St.V. Cimbria\" src=\"\/wp-content\/uploads\/2014\/10\/cikbanddeckel.png\" alt=\"\" \/><\/td>\n<\/tr>\n<tr>\n<td>Wahlspruch<\/td>\n<td align=\"center\">Veritas, amicitia, laetitia!<\/td>\n<\/tr>\n<tr>\n<td>Stammschule<\/td>\n<td align=\"center\">H\u00f6here Schulen in Kufstein und Umgebung<\/td>\n<\/tr>\n<tr>\n<td>Adresse<\/td>\n<td align=\"center\">Pfarrplatz 3, 6330 Kufstein<\/td>\n<\/tr>\n<tr>\n<td>Internet<\/td>\n<td align=\"center\"><a href=\"https:\/\/www.cimbria-kufstein.at\/\" target=\"_blank\" rel=\"noopener\">https:\/\/www.cimbria-kufstein.at<\/a><\/td>\n<\/tr>\n<tr>\n<td valign=\"top\">Verbindungswappen<br \/>\nmit Zirkel<\/td>\n<td align=\"center\"><img decoding=\"async\" style=\"height: auto; width: 150px; margin: auto;\" title=\"Wappen und Zirkel der K.\u00d6.St.V. Cimbria\" src=\"\/wp-content\/uploads\/2014\/10\/cikwappen.png\" alt=\"\" \/><\/td>\n<\/tr>\n<\/tbody>\n<\/table>\n","protected":false},"excerpt":{"rendered":"<p>Gr\u00fcndung 12.11.1919 Gr\u00fcnder Ing. Meinrad Schumacher v\/o Dr. cer. Perkeo \u2020 Farben Rot-Wei\u00df-Gold Deckel (M\u00fctze) Wei\u00df, Tuch Deckel und Band Wahlspruch Veritas, amicitia, laetitia! Stammschule H\u00f6here Schulen in Kufstein und Umgebung Adresse Pfarrplatz 3,&#46;&#46;&#46;<\/p>\n","protected":false},"author":2,"featured_media":0,"parent":0,"menu_order":0,"comment_status":"closed","ping_status":"closed","template":"","meta":{"jetpack_post_was_ever_published":false,"footnotes":""},"class_list":["post-512","page","type-page","status-publish","hentry"],"jetpack_sharing_enabled":true,"jetpack_shortlink":"https:\/\/wp.me\/P88Y0I-8g","jetpack-related-posts":[],"_links":{"self":[{"href":"https:\/\/www.cimbria-kufstein.at\/index.php?rest_route=\/wp\/v2\/pages\/512","targetHints":{"allow":["GET"]}}],"collection":[{"href":"https:\/\/www.cimbria-kufstein.at\/index.php?rest_route=\/wp\/v2\/pages"}],"about":[{"href":"https:\/\/www.cimbria-kufstein.at\/index.php?rest_route=\/wp\/v2\/types\/page"}],"author":[{"embeddable":true,"href":"https:\/\/www.cimbria-kufstein.at\/index.php?rest_route=\/wp\/v2\/users\/2"}],"replies":[{"embeddable":true,"href":"https:\/\/www.cimbria-kufstein.at\/index.php?rest_route=%2Fwp%2Fv2%2Fcomments&post=512"}],"version-history":[{"count":56,"href":"https:\/\/www.cimbria-kufstein.at\/index.php?rest_route=\/wp\/v2\/pages\/512\/revisions"}],"predecessor-version":[{"id":3355,"href":"https:\/\/www.cimbria-kufstein.at\/index.php?rest_route=\/wp\/v2\/pages\/512\/revisions\/3355"}],"wp:attachment":[{"href":"https:\/\/www.cimbria-kufstein.at\/index.php?rest_route=%2Fwp%2Fv2%2Fmedia&parent=512"}],"curies":[{"name":"wp","href":"https:\/\/api.w.org\/{rel}","templated":true}]}}