{"id":25,"date":"2014-10-13T09:04:53","date_gmt":"2014-10-13T13:04:53","guid":{"rendered":"http:\/\/www.hoebarth.at\/cik\/?page_id=25"},"modified":"2023-06-21T16:28:24","modified_gmt":"2023-06-21T14:28:24","slug":"gedenkjahr-2015","status":"publish","type":"page","link":"https:\/\/www.cimbria-kufstein.at\/?page_id=25","title":{"rendered":"Orte des Gedenkens"},"content":{"rendered":"<div>\n<img decoding=\"async\" class=\"lfloat\" src=\"\/wp-content\/uploads\/2014\/11\/kneipe1942-1943.jpg\"><\/p>\n<h5>Gedenktafel am Haus Unterer Stadtplatz 10 in Kufstein<\/h5>\n<p>Nach der Aufl\u00f6sung der Cimbria durch die Nationalsozialisten, versteckten\u00a0einige Bundesbr\u00fcder die Verbindungsutensilien \u00a0im ehemaligen &#8222;W\u00f6rg\u00f6tter&#8220; Haus am Unteren Stadtplatz. In der Folge trafen sich dort einige beherzte Bundesbr\u00fcder bei hohem Risiko zu geheimen Versammlungen und Kneipen. Auch Walter Caldonazzi nahm an diesen Treffen teil. Eine Fotografie &#8211; aufgenommen von Med.-Rat Prim. Dr. Ekkehard Islitzer v\/o Ortwin &#8211; von einer dieser &#8222;illegalen&#8220; Kneipen in der Weihnachtszeit der Jahre 1942\/1943 ist erhalten geblieben.<br \/>\n<span style=\"font-size: 80%;\">v.l.n.r. Prim. Dr. Hans W\u00f6rg\u00f6tter v\/o Spund, Waldemar Islitzer v\/o Blondel im Couleur der AV Vindelicia, Frau Maria Zanier als &#8222;Couleurdame&#8220;, Dipl.Ing. Walter Caldonazzi v\/o Olaf im Couleur der K.\u00d6.H.V. Amelungia Wien<\/span><\/p>\n<p>Im Jahr 1989 wurde an diesem\u00a0Haus am Unteren Stadtplatz in Kufstein eine Gedenktafel f\u00fcr Walter Caldonazzi und Ernst Ortner angebracht.<\/p>\n<p align=\"center\"><img decoding=\"async\" src=\"\/wp-content\/uploads\/2014\/10\/gedenktafel.png\" alt=\"Gedenktafel\" width=\"50%\" \/><\/p>\n<\/div>\n<hr \/>\n<div>\n<h5 style=\"margin-top: 20px;\">Enth\u00fcllung eines Gedenksteines am Walter-Caldonazzi-Platz in Wien Hitzing<\/h5>\n<p>Am 14.06.2008 wurde in Wien \/ Hietzing auf dem Walter-Caldonazzi-Platz ein Denkmal enth\u00fcllt.<br \/>\nEine starke Abordnung Cimbriae fand sich zur feierlichen Enth\u00fcllung des 1,5 Meter hohen Gedenksteines aus Osttiroler Serpentin, auf dem eine Bronzetafel zum Gedenken an den Hingerichteten angebracht ist, ein.<br \/>\nSeit diesem Tag zeugt der Gedenkstein vom Mut und tiefen Glauben unseres Bundesbruders.<\/p>\n<p align=\"center\"><img decoding=\"async\" src=\"\/wp-content\/uploads\/2014\/10\/hitzing.png\"><\/p>\n<\/div>\n<hr \/>\n<div>\n<h5>Kaiser Karl-Kapelle am Kriegerfriedhof St. Andr\u00e4<\/h5>\n<p>Am Soldatenfriedhof in Lienz steht die Kaiser Karl-Kapelle an der sich eine Gedenktafel f\u00fcr Ernst Ortner befindet.<br \/>\nDie Inschrift lautet:<\/p>\n<p align=\"center\">\n<img decoding=\"async\" src=\"https:\/\/gams.uni-graz.at\/archive\/objects\/o:derla.tir63\/datastreams\/IMAGE.1\/content\" width=\"50%\"><br \/>\n<em>Diese Tafel soll Zeugnis geben, dass Ernst Ortner geb. 1.9.1914 im Kampfe f\u00fcr sein geliebtes \u00d6sterreich am 22.3.1945 in Wien im grauen Haus sein Leben geopfert hat. seine Heimat wird ihn nicht vergessen.<br \/>\nSeine Freunde<\/em>\n<\/p>\n<\/div>\n<hr \/>\n<div>\n<img data-recalc-dims=\"1\" decoding=\"async\" class=\"lfloat\" src=\"https:\/\/i0.wp.com\/www.cimbria-kufstein.at\/wp-content\/uploads\/2023\/06\/P1030255.jpg?ssl=1\"><\/p>\n<h5>Kreuz auf der Praalm<\/h5>\n<p>Zusammen mit der K.\u00d6.H.V. Amelungia Wien wurde auf er Praalm im Jahr 2017 eine Gedenktafel f\u00fcr die &#8222;Tiroler Forstleute&#8220; welche im Widerstand gefallen sind eingeweiht.<\/p>\n<p><img data-recalc-dims=\"1\" decoding=\"async\" src=\"https:\/\/i0.wp.com\/www.cimbria-kufstein.at\/wp-content\/uploads\/2023\/06\/P1030256.jpg?ssl=1\" >\n<\/div>\n<hr \/>\n<div>\nQuellen:<\/p>\n<ul>\n<li>Chronik K.\u00d6.St.V. Cimbria Kufstein (Festschrift zum 70. Stiftungsfest)<\/li>\n<li>Buch &#8222;Farben tragen &#8211; Farbe bekennen 1938-1945 Katholische Korporierte in Widerstand und Verfolgung&#8220; von Herbert Fritz, Reinhart Handl, Peter Krause und Gerhard Taus<\/li>\n<li>Dokumentationsarchiv des \u00f6sterreichischen Wiederstandes<\/li>\n<li>Foto Gedenktafel Ernst Ortner: Katrin Kalcher<\/li>\n<\/ul>\n<\/div>\n","protected":false},"excerpt":{"rendered":"<p>Gedenktafel am Haus Unterer Stadtplatz 10 in Kufstein Nach der Aufl\u00f6sung der Cimbria durch die Nationalsozialisten, versteckten\u00a0einige Bundesbr\u00fcder die Verbindungsutensilien \u00a0im ehemaligen &#8222;W\u00f6rg\u00f6tter&#8220; Haus am Unteren Stadtplatz. In der Folge trafen sich dort einige&#46;&#46;&#46;<\/p>\n","protected":false},"author":1,"featured_media":0,"parent":0,"menu_order":0,"comment_status":"closed","ping_status":"closed","template":"","meta":{"jetpack_post_was_ever_published":false,"footnotes":""},"class_list":["post-25","page","type-page","status-publish","hentry"],"jetpack_sharing_enabled":true,"jetpack_shortlink":"https:\/\/wp.me\/P88Y0I-p","jetpack-related-posts":[],"_links":{"self":[{"href":"https:\/\/www.cimbria-kufstein.at\/index.php?rest_route=\/wp\/v2\/pages\/25","targetHints":{"allow":["GET"]}}],"collection":[{"href":"https:\/\/www.cimbria-kufstein.at\/index.php?rest_route=\/wp\/v2\/pages"}],"about":[{"href":"https:\/\/www.cimbria-kufstein.at\/index.php?rest_route=\/wp\/v2\/types\/page"}],"author":[{"embeddable":true,"href":"https:\/\/www.cimbria-kufstein.at\/index.php?rest_route=\/wp\/v2\/users\/1"}],"replies":[{"embeddable":true,"href":"https:\/\/www.cimbria-kufstein.at\/index.php?rest_route=%2Fwp%2Fv2%2Fcomments&post=25"}],"version-history":[{"count":163,"href":"https:\/\/www.cimbria-kufstein.at\/index.php?rest_route=\/wp\/v2\/pages\/25\/revisions"}],"predecessor-version":[{"id":6203,"href":"https:\/\/www.cimbria-kufstein.at\/index.php?rest_route=\/wp\/v2\/pages\/25\/revisions\/6203"}],"wp:attachment":[{"href":"https:\/\/www.cimbria-kufstein.at\/index.php?rest_route=%2Fwp%2Fv2%2Fmedia&parent=25"}],"curies":[{"name":"wp","href":"https:\/\/api.w.org\/{rel}","templated":true}]}}